{"id":177,"date":"2019-03-16T17:16:47","date_gmt":"2019-03-16T17:16:47","guid":{"rendered":"http:\/\/feuerwehr-golste-natendorf.de\/?page_id=177"},"modified":"2019-04-03T19:35:07","modified_gmt":"2019-04-03T19:35:07","slug":"mitglied-werden","status":"publish","type":"page","link":"http:\/\/feuerwehr-golste-natendorf.de\/?page_id=177","title":{"rendered":"Mitglied werden!"},"content":{"rendered":"\t\t<div data-elementor-type=\"wp-post\" data-elementor-id=\"177\" class=\"elementor elementor-177\">\n\t\t\t\t\t\t<div class=\"elementor-inner\">\n\t\t\t\t<div class=\"elementor-section-wrap\">\n\t\t\t\t\t\t\t\t\t<section class=\"elementor-section elementor-top-section elementor-element elementor-element-945fcd5 elementor-section-boxed elementor-section-height-default elementor-section-height-default\" data-id=\"945fcd5\" data-element_type=\"section\">\n\t\t\t\t\t\t<div class=\"elementor-container elementor-column-gap-default\">\n\t\t\t\t\t\t\t<div class=\"elementor-row\">\n\t\t\t\t\t<div class=\"elementor-column elementor-col-100 elementor-top-column elementor-element elementor-element-ee8fc6e\" data-id=\"ee8fc6e\" data-element_type=\"column\">\n\t\t\t<div class=\"elementor-column-wrap elementor-element-populated\">\n\t\t\t\t\t\t\t<div class=\"elementor-widget-wrap\">\n\t\t\t\t\t\t<div class=\"elementor-element elementor-element-c2f3890 elementor-widget elementor-widget-text-editor\" data-id=\"c2f3890\" data-element_type=\"widget\" data-widget_type=\"text-editor.default\">\n\t\t\t\t<div class=\"elementor-widget-container\">\n\t\t\t\t\t\t\t\t<div class=\"elementor-text-editor elementor-clearfix\">\n\t\t\t\t\t\t\t\t\t<\/div>\n\t\t\t\t\t\t<\/div>\n\t\t\t\t<\/div>\n\t\t\t\t<div class=\"elementor-element elementor-element-4686b47 elementor-invisible elementor-widget elementor-widget-heading\" data-id=\"4686b47\" data-element_type=\"widget\" data-settings=\"{&quot;_animation&quot;:&quot;slideInLeft&quot;,&quot;_animation_delay&quot;:0}\" data-widget_type=\"heading.default\">\n\t\t\t\t<div class=\"elementor-widget-container\">\n\t\t\t<h2 class=\"elementor-heading-title elementor-size-small\">Stell dir vor, es brennt \u2013 und keiner kommt\u2026<\/h2>\t\t<\/div>\n\t\t\t\t<\/div>\n\t\t\t\t\t\t<\/div>\n\t\t\t\t\t<\/div>\n\t\t<\/div>\n\t\t\t\t\t\t\t\t<\/div>\n\t\t\t\t\t<\/div>\n\t\t<\/section>\n\t\t\t\t<section class=\"elementor-section elementor-top-section elementor-element elementor-element-f12dbbf elementor-section-boxed elementor-section-height-default elementor-section-height-default\" data-id=\"f12dbbf\" data-element_type=\"section\">\n\t\t\t\t\t\t<div class=\"elementor-container elementor-column-gap-default\">\n\t\t\t\t\t\t\t<div class=\"elementor-row\">\n\t\t\t\t\t<div class=\"elementor-column elementor-col-100 elementor-top-column elementor-element elementor-element-5abedae\" data-id=\"5abedae\" data-element_type=\"column\">\n\t\t\t<div class=\"elementor-column-wrap elementor-element-populated\">\n\t\t\t\t\t\t\t<div class=\"elementor-widget-wrap\">\n\t\t\t\t\t\t<div class=\"elementor-element elementor-element-5d4d184 elementor-widget elementor-widget-text-editor\" data-id=\"5d4d184\" data-element_type=\"widget\" data-widget_type=\"text-editor.default\">\n\t\t\t\t<div class=\"elementor-widget-container\">\n\t\t\t\t\t\t\t\t<div class=\"elementor-text-editor elementor-clearfix\">\n\t\t\t\t<p>\u00a0<\/p><p>Vielen Dank f\u00fcr dein Interesse an unserer Internetseite,<\/p><p>vielleicht geht dein Interesse ja noch weiter und du hast Lust Mitglied in unserer Feuerwehr zu werden.<\/p><p>Unsere Dienste gestalten sich sehr vielf\u00e4ltig:<br \/>Vom Umgang mit Schl\u00e4uchen und Strahlrohr bis hin zu den Atemschutzger\u00e4ten, aber auch die Erste Hilfe sowie das Absenden eines Funkspruchs geh\u00f6ren zu denThemen die in den jeweiligen Diensten besprochen und ge\u00fcbt werden.<\/p><p>Schaue doch einfach mal auf unseren <a href=\"http:\/\/feuerwehr-golste-natendorf.de\/?page_id=146\">Dienstplan<\/a>, da bekommst du einen ersten Eindruck.<br \/>Keine Angst: Vorkenntnisse sind nicht erforderlich!<\/p><p>Aber auch das Gesellige kommt bei uns nicht zu kurz:<br \/>Wir richten u.a. das Osterfeuer aus, sind auf dem Weihnachtsmarkt vertreten und bei unserem Weinfest bist du herzlich willkommen.<\/p><p>Komm doch einfach mal zu einem Dienstabend und wir informieren dich gerne und beantworten dir eventuelle Fragen.<br \/>Alternativ kannst du uns nat\u00fcrlich auch gerne auf den jeweiligen Veranstaltungen ansprechen, in den meisten F\u00e4llen sind wir gut erkennbar!<\/p><p><strong>Opfere uns etwas von Deiner freien Zeit und helfe zu helfen!<\/strong><\/p><p>Wir freuen uns auf Dich!<\/p>\t\t\t\t\t<\/div>\n\t\t\t\t\t\t<\/div>\n\t\t\t\t<\/div>\n\t\t\t\t\t\t<\/div>\n\t\t\t\t\t<\/div>\n\t\t<\/div>\n\t\t\t\t\t\t\t\t<\/div>\n\t\t\t\t\t<\/div>\n\t\t<\/section>\n\t\t\t\t\t\t\t\t\t<\/div>\n\t\t\t<\/div>\n\t\t\t\t\t<\/div>\n\t\t","protected":false},"excerpt":{"rendered":"<p>Stell dir vor, es brennt \u2013 und keiner kommt\u2026 \u00a0 Vielen Dank f\u00fcr dein Interesse an unserer Internetseite, vielleicht geht dein Interesse ja noch weiter und du hast Lust Mitglied in unserer Feuerwehr zu werden. Unsere Dienste gestalten sich sehr vielf\u00e4ltig:Vom Umgang mit Schl\u00e4uchen und Strahlrohr bis hin zu den Atemschutzger\u00e4ten, aber auch die Erste Hilfe sowie das Absenden eines Funkspruchs geh\u00f6ren zu denThemen die in den jeweiligen Diensten besprochen und ge\u00fcbt werden. Schaue doch einfach mal auf unseren Dienstplan,&#8230;<\/p>\n<p class=\"read-more\"><a class=\"btn btn-default\" href=\"http:\/\/feuerwehr-golste-natendorf.de\/?page_id=177\">Weiterlesen<span class=\"screen-reader-text\"> Weiterlesen<\/span><\/a><\/p>\n","protected":false},"author":1,"featured_media":0,"parent":0,"menu_order":0,"comment_status":"closed","ping_status":"closed","template":"","meta":{"_mc_calendar":[]},"_links":{"self":[{"href":"http:\/\/feuerwehr-golste-natendorf.de\/index.php?rest_route=\/wp\/v2\/pages\/177"}],"collection":[{"href":"http:\/\/feuerwehr-golste-natendorf.de\/index.php?rest_route=\/wp\/v2\/pages"}],"about":[{"href":"http:\/\/feuerwehr-golste-natendorf.de\/index.php?rest_route=\/wp\/v2\/types\/page"}],"author":[{"embeddable":true,"href":"http:\/\/feuerwehr-golste-natendorf.de\/index.php?rest_route=\/wp\/v2\/users\/1"}],"replies":[{"embeddable":true,"href":"http:\/\/feuerwehr-golste-natendorf.de\/index.php?rest_route=%2Fwp%2Fv2%2Fcomments&post=177"}],"version-history":[{"count":6,"href":"http:\/\/feuerwehr-golste-natendorf.de\/index.php?rest_route=\/wp\/v2\/pages\/177\/revisions"}],"predecessor-version":[{"id":235,"href":"http:\/\/feuerwehr-golste-natendorf.de\/index.php?rest_route=\/wp\/v2\/pages\/177\/revisions\/235"}],"wp:attachment":[{"href":"http:\/\/feuerwehr-golste-natendorf.de\/index.php?rest_route=%2Fwp%2Fv2%2Fmedia&parent=177"}],"curies":[{"name":"wp","href":"https:\/\/api.w.org\/{rel}","templated":true}]}}